{"id":429,"date":"2020-01-20T13:38:21","date_gmt":"2020-01-20T13:38:21","guid":{"rendered":"https:\/\/gmasters.lt\/?page_id=429"},"modified":"2021-05-13T10:36:42","modified_gmt":"2021-05-13T09:36:42","slug":"remontas","status":"publish","type":"page","link":"https:\/\/gmasters.lt\/en\/remontas\/","title":{"rendered":"Remontas"},"content":{"rendered":"<div data-elementor-type=\"wp-page\" data-elementor-id=\"429\" class=\"elementor elementor-429\">\n\t\t\t\t<section class=\"elementor-section elementor-top-section elementor-element elementor-element-b5e465e elementor-section-boxed elementor-section-height-default elementor-section-height-default\" data-id=\"b5e465e\" data-element_type=\"section\">\n\t\t\t\t\t\t<div class=\"elementor-container elementor-column-gap-default\">\n\t\t\t\t\t<div class=\"elementor-column elementor-col-100 elementor-top-column elementor-element elementor-element-66a0588a\" data-id=\"66a0588a\" data-element_type=\"column\">\n\t\t\t<div class=\"elementor-widget-wrap elementor-element-populated\">\n\t\t\t\t\t\t<div class=\"elementor-element elementor-element-78813a72 elementor-widget elementor-widget-text-editor\" data-id=\"78813a72\" data-element_type=\"widget\" data-widget_type=\"text-editor.default\">\n\t\t\t\t<div class=\"elementor-widget-container\"><h2 class=\"wp-block-heading\">Nustatome gedimus, jums pageidaugant taisome vis\u0105:<\/h2><h2 class=\"wp-block-heading\"> Maisto ruo\u0161imo technik\u0105. <\/h2><ul class=\"wp-block-list\"><li>Pic\u0173 krosnis<\/li><li>Te\u0161los ko\u010diokl\u0117s<\/li><li>Te\u0161los kildinimo \u012franga<\/li><li>Maisto smulkinimo \u012franga<\/li><li>M\u0117sos kapokl\u0117s<\/li><li>Mai\u0161ytuvai<\/li><li>Kavos aparatai<\/li><li>Leduk\u0173 gaminimo aparatai (squish makers)<\/li><\/ul><h2 class=\"wp-block-heading\">\u0160aldymo \u012frang\u0105:<\/h2><ul class=\"wp-block-list\"><li>\u0160aldytuvai<\/li><li>\u0160aldikliai<\/li><li>\u0160aldomos vitrinos<\/li><li>Leduk\u0173 generatoriai<\/li><\/ul><h2 class=\"wp-block-heading\">Dirbame su gamintojais :<\/h2><p>MGm, Bounton, Hobart, Braher, Metos, Hendi, Carel, Desmon, Electolux, Eloma, Hoshizaki, Higel, MKN, Franke, Rational, Primax<\/p><\/div>\n\t\t\t\t<\/div>\n\t\t\t\t\t<\/div>\n\t\t<\/div>\n\t\t\t\t\t<\/div>\n\t\t<\/section>\n\t\t\t\t<section class=\"elementor-section elementor-top-section elementor-element elementor-element-14cf18e elementor-section-boxed elementor-section-height-default elementor-section-height-default\" data-id=\"14cf18e\" data-element_type=\"section\">\n\t\t\t\t\t\t<div class=\"elementor-container elementor-column-gap-default\">\n\t\t\t\t\t<div class=\"elementor-column elementor-col-100 elementor-top-column elementor-element elementor-element-e2dd3fa\" data-id=\"e2dd3fa\" data-element_type=\"column\">\n\t\t\t<div class=\"elementor-widget-wrap elementor-element-populated\">\n\t\t\t\t\t\t<div class=\"elementor-element elementor-element-508d494 elementor-arrows-position-inside elementor-pagination-position-outside elementor-widget elementor-widget-image-carousel\" data-id=\"508d494\" data-element_type=\"widget\" data-settings=\"{&quot;slides_to_scroll&quot;:&quot;5&quot;,&quot;navigation&quot;:&quot;both&quot;,&quot;autoplay&quot;:&quot;yes&quot;,&quot;pause_on_hover&quot;:&quot;yes&quot;,&quot;pause_on_interaction&quot;:&quot;yes&quot;,&quot;autoplay_speed&quot;:5000,&quot;infinite&quot;:&quot;yes&quot;,&quot;speed&quot;:500}\" data-widget_type=\"image-carousel.default\">\n\t\t\t\t<div class=\"elementor-widget-container\">\n\t\t\t\t\t\t\t<div class=\"elementor-image-carousel-wrapper swiper\" role=\"region\" aria-roledescription=\"carousel\" aria-label=\"Image Carousel\" dir=\"ltr\">\n\t\t\t<div class=\"elementor-image-carousel swiper-wrapper\" aria-live=\"off\">\n\t\t\t\t\t\t\t\t<div class=\"swiper-slide\" role=\"group\" aria-roledescription=\"slide\" aria-label=\"1 of 11\"><figure class=\"swiper-slide-inner\"><img decoding=\"async\" class=\"swiper-slide-image\" src=\"https:\/\/gmasters.lt\/wp-content\/uploads\/2020\/01\/braher-150x150.png\" alt=\"equipments\" \/><\/figure><\/div><div class=\"swiper-slide\" role=\"group\" aria-roledescription=\"slide\" aria-label=\"2 of 11\"><figure class=\"swiper-slide-inner\"><img decoding=\"async\" class=\"swiper-slide-image\" src=\"https:\/\/gmasters.lt\/wp-content\/uploads\/2020\/01\/desmon.3-150x150.jpg\" alt=\"desmon.3\" \/><\/figure><\/div><div class=\"swiper-slide\" role=\"group\" aria-roledescription=\"slide\" aria-label=\"3 of 11\"><figure class=\"swiper-slide-inner\"><img decoding=\"async\" class=\"swiper-slide-image\" src=\"https:\/\/gmasters.lt\/wp-content\/uploads\/2020\/01\/Electrolux-Equipment-150x150.jpg\" alt=\"Electrolux-Equipment\" \/><\/figure><\/div><div class=\"swiper-slide\" role=\"group\" aria-roledescription=\"slide\" aria-label=\"4 of 11\"><figure class=\"swiper-slide-inner\"><img decoding=\"async\" class=\"swiper-slide-image\" src=\"https:\/\/gmasters.lt\/wp-content\/uploads\/2020\/01\/elomEloma-150x150.png\" alt=\"elomEloma\" \/><\/figure><\/div><div class=\"swiper-slide\" role=\"group\" aria-roledescription=\"slide\" aria-label=\"5 of 11\"><figure class=\"swiper-slide-inner\"><img decoding=\"async\" class=\"swiper-slide-image\" src=\"https:\/\/gmasters.lt\/wp-content\/uploads\/2020\/01\/hobart_equipment_repairs-150x150.jpg\" alt=\"hobart_equipment_repairs\" \/><\/figure><\/div><div class=\"swiper-slide\" role=\"group\" aria-roledescription=\"slide\" aria-label=\"6 of 11\"><figure class=\"swiper-slide-inner\"><img decoding=\"async\" class=\"swiper-slide-image\" src=\"https:\/\/gmasters.lt\/wp-content\/uploads\/2020\/01\/Hoshizaki-150x150.jpg\" alt=\"Hoshizaki\" \/><\/figure><\/div><div class=\"swiper-slide\" role=\"group\" aria-roledescription=\"slide\" aria-label=\"7 of 11\"><figure class=\"swiper-slide-inner\"><img decoding=\"async\" class=\"swiper-slide-image\" src=\"https:\/\/gmasters.lt\/wp-content\/uploads\/2020\/01\/Metos-150x150.jpg\" alt=\"Metos\" \/><\/figure><\/div><div class=\"swiper-slide\" role=\"group\" aria-roledescription=\"slide\" aria-label=\"8 of 11\"><figure class=\"swiper-slide-inner\"><img decoding=\"async\" class=\"swiper-slide-image\" src=\"https:\/\/gmasters.lt\/wp-content\/uploads\/2020\/01\/MGm-150x150.png\" alt=\"MGm\" \/><\/figure><\/div><div class=\"swiper-slide\" role=\"group\" aria-roledescription=\"slide\" aria-label=\"9 of 11\"><figure class=\"swiper-slide-inner\"><img decoding=\"async\" class=\"swiper-slide-image\" src=\"https:\/\/gmasters.lt\/wp-content\/uploads\/2020\/01\/MKN-150x150.jpg\" alt=\"MKN\" \/><\/figure><\/div><div class=\"swiper-slide\" role=\"group\" aria-roledescription=\"slide\" aria-label=\"10 of 11\"><figure class=\"swiper-slide-inner\"><img decoding=\"async\" class=\"swiper-slide-image\" src=\"https:\/\/gmasters.lt\/wp-content\/uploads\/2020\/01\/primax-150x150.jpg\" alt=\"primax\" \/><\/figure><\/div><div class=\"swiper-slide\" role=\"group\" aria-roledescription=\"slide\" aria-label=\"11 of 11\"><figure class=\"swiper-slide-inner\"><img decoding=\"async\" class=\"swiper-slide-image\" src=\"https:\/\/gmasters.lt\/wp-content\/uploads\/2020\/01\/Rational-150x150.png\" alt=\"Rational\" \/><\/figure><\/div>\t\t\t<\/div>\n\t\t\t\t\t\t\t\t\t\t\t\t<div class=\"elementor-swiper-button elementor-swiper-button-prev\" role=\"button\" tabindex=\"0\">\n\t\t\t\t\t\t<i aria-hidden=\"true\" class=\"eicon-chevron-left\"><\/i>\t\t\t\t\t<\/div>\n\t\t\t\t\t<div class=\"elementor-swiper-button elementor-swiper-button-next\" role=\"button\" tabindex=\"0\">\n\t\t\t\t\t\t<i aria-hidden=\"true\" class=\"eicon-chevron-right\"><\/i>\t\t\t\t\t<\/div>\n\t\t\t\t\n\t\t\t\t\t\t\t\t\t<div class=\"swiper-pagination\"><\/div>\n\t\t\t\t\t\t\t\t\t<\/div>\n\t\t\t\t\t\t<\/div>\n\t\t\t\t<\/div>\n\t\t\t\t\t<\/div>\n\t\t<\/div>\n\t\t\t\t\t<\/div>\n\t\t<\/section>\t\t<\/div>","protected":false},"excerpt":{"rendered":"<p>Nustatome gedimus, jums pageidaugant taisome vis\u0105: Maisto ruo\u0161imo technik\u0105. Pic\u0173 krosnis Te\u0161los ko\u010diokl\u0117s Te\u0161los kildinimo \u012franga Maisto smulkinimo \u012franga M\u0117sos kapokl\u0117s Mai\u0161ytuvai Kavos aparatai Leduk\u0173 gaminimo aparatai (squish makers) \u0160aldymo \u012frang\u0105: \u0160aldytuvai \u0160aldikliai \u0160aldomos vitrinos Leduk\u0173 generatoriai Dirbame su gamintojais : MGm, Bounton, Hobart, Braher, Metos, Hendi, Carel, Desmon, Electolux, Eloma, Hoshizaki, Higel, MKN, Franke,&hellip; <br \/> <a class=\"read-more\" href=\"https:\/\/gmasters.lt\/en\/remontas\/\">Read more<\/a><\/p>","protected":false},"author":1,"featured_media":0,"parent":0,"menu_order":0,"comment_status":"closed","ping_status":"closed","template":"","meta":{"footnotes":""},"class_list":["post-429","page","type-page","status-publish","hentry"],"_links":{"self":[{"href":"https:\/\/gmasters.lt\/en\/wp-json\/wp\/v2\/pages\/429","targetHints":{"allow":["GET"]}}],"collection":[{"href":"https:\/\/gmasters.lt\/en\/wp-json\/wp\/v2\/pages"}],"about":[{"href":"https:\/\/gmasters.lt\/en\/wp-json\/wp\/v2\/types\/page"}],"author":[{"embeddable":true,"href":"https:\/\/gmasters.lt\/en\/wp-json\/wp\/v2\/users\/1"}],"replies":[{"embeddable":true,"href":"https:\/\/gmasters.lt\/en\/wp-json\/wp\/v2\/comments?post=429"}],"version-history":[{"count":5,"href":"https:\/\/gmasters.lt\/en\/wp-json\/wp\/v2\/pages\/429\/revisions"}],"predecessor-version":[{"id":507,"href":"https:\/\/gmasters.lt\/en\/wp-json\/wp\/v2\/pages\/429\/revisions\/507"}],"wp:attachment":[{"href":"https:\/\/gmasters.lt\/en\/wp-json\/wp\/v2\/media?parent=429"}],"curies":[{"name":"wp","href":"https:\/\/api.w.org\/{rel}","templated":true}]}}