{"id":215,"date":"2018-02-26T08:51:24","date_gmt":"2018-02-26T08:51:24","guid":{"rendered":"http:\/\/10.44.205.152\/free-1\/mesmerize\/"},"modified":"2023-04-29T07:46:54","modified_gmt":"2023-04-29T06:46:54","slug":"mesmerize","status":"publish","type":"page","link":"https:\/\/gmasters.lt\/lt\/","title":{"rendered":""},"content":{"rendered":"\t\t<div data-elementor-type=\"wp-page\" data-elementor-id=\"215\" class=\"elementor elementor-215\">\n\t\t\t\t\t\t<section class=\"elementor-section elementor-top-section elementor-element elementor-element-607dd56 elementor-section-boxed elementor-section-height-default elementor-section-height-default\" data-id=\"607dd56\" data-element_type=\"section\">\n\t\t\t\t\t\t<div class=\"elementor-container elementor-column-gap-default\">\n\t\t\t\t\t<div class=\"elementor-column elementor-col-100 elementor-top-column elementor-element elementor-element-62cd316\" data-id=\"62cd316\" data-element_type=\"column\">\n\t\t\t<div class=\"elementor-widget-wrap elementor-element-populated\">\n\t\t\t\t\t\t<div class=\"elementor-element elementor-element-7657af2 elementor-widget elementor-widget-spacer\" data-id=\"7657af2\" data-element_type=\"widget\" data-widget_type=\"spacer.default\">\n\t\t\t\t<div class=\"elementor-widget-container\">\n\t\t\t\t\t\t\t<div class=\"elementor-spacer\">\n\t\t\t<div class=\"elementor-spacer-inner\"><\/div>\n\t\t<\/div>\n\t\t\t\t\t\t<\/div>\n\t\t\t\t<\/div>\n\t\t\t\t\t<\/div>\n\t\t<\/div>\n\t\t\t\t\t<\/div>\n\t\t<\/section>\n\t\t\t\t<section class=\"elementor-section elementor-top-section elementor-element elementor-element-6174987 elementor-section-boxed elementor-section-height-default elementor-section-height-default\" data-id=\"6174987\" data-element_type=\"section\">\n\t\t\t\t\t\t<div class=\"elementor-container elementor-column-gap-default\">\n\t\t\t\t\t<div class=\"elementor-column elementor-col-100 elementor-top-column elementor-element elementor-element-22eff13\" data-id=\"22eff13\" data-element_type=\"column\">\n\t\t\t<div class=\"elementor-widget-wrap elementor-element-populated\">\n\t\t\t\t\t\t<div class=\"elementor-element elementor-element-05f2f48 elementor-widget elementor-widget-heading\" data-id=\"05f2f48\" data-element_type=\"widget\" data-widget_type=\"heading.default\">\n\t\t\t\t<div class=\"elementor-widget-container\">\n\t\t\t\t\t<h2 class=\"elementor-heading-title elementor-size-default\">Mes dirbame, kad j\u016bs\u0173 darbas vykt\u0173 skland\u017eiai<\/h2>\t\t\t\t<\/div>\n\t\t\t\t<\/div>\n\t\t\t\t<div class=\"elementor-element elementor-element-e5c39fe elementor-widget elementor-widget-toggle\" data-id=\"e5c39fe\" data-element_type=\"widget\" data-widget_type=\"toggle.default\">\n\t\t\t\t<div class=\"elementor-widget-container\">\n\t\t\t\t\t\t\t<div class=\"elementor-toggle\">\n\t\t\t\t\t\t\t<div class=\"elementor-toggle-item\">\n\t\t\t\t\t<div id=\"elementor-tab-title-2401\" class=\"elementor-tab-title\" data-tab=\"1\" role=\"button\" aria-controls=\"elementor-tab-content-2401\" aria-expanded=\"false\">\n\t\t\t\t\t\t\t\t\t\t\t\t<span class=\"elementor-toggle-icon elementor-toggle-icon-left\" aria-hidden=\"true\">\n\t\t\t\t\t\t\t\t\t\t\t\t\t\t\t<span class=\"elementor-toggle-icon-closed\"><i class=\"fas fa-caret-right\"><\/i><\/span>\n\t\t\t\t\t\t\t\t<span class=\"elementor-toggle-icon-opened\"><i class=\"elementor-toggle-icon-opened fas fa-caret-up\"><\/i><\/span>\n\t\t\t\t\t\t\t\t\t\t\t\t\t<\/span>\n\t\t\t\t\t\t\t\t\t\t\t\t<a class=\"elementor-toggle-title\" tabindex=\"0\">Restoran\u0173 \u012franga<\/a>\n\t\t\t\t\t<\/div>\n\n\t\t\t\t\t<div id=\"elementor-tab-content-2401\" class=\"elementor-tab-content elementor-clearfix\" data-tab=\"1\" role=\"region\" aria-labelledby=\"elementor-tab-title-2401\"><p>Maisto ruo\u0161imo, laikymo, apdorojimo \u012frangos \u012frengimas.Taip pat\u00a0 profilaktika, bei remontas.<\/p><\/div>\n\t\t\t\t<\/div>\n\t\t\t\t\t\t\t<div class=\"elementor-toggle-item\">\n\t\t\t\t\t<div id=\"elementor-tab-title-2402\" class=\"elementor-tab-title\" data-tab=\"2\" role=\"button\" aria-controls=\"elementor-tab-content-2402\" aria-expanded=\"false\">\n\t\t\t\t\t\t\t\t\t\t\t\t<span class=\"elementor-toggle-icon elementor-toggle-icon-left\" aria-hidden=\"true\">\n\t\t\t\t\t\t\t\t\t\t\t\t\t\t\t<span class=\"elementor-toggle-icon-closed\"><i class=\"fas fa-caret-right\"><\/i><\/span>\n\t\t\t\t\t\t\t\t<span class=\"elementor-toggle-icon-opened\"><i class=\"elementor-toggle-icon-opened fas fa-caret-up\"><\/i><\/span>\n\t\t\t\t\t\t\t\t\t\t\t\t\t<\/span>\n\t\t\t\t\t\t\t\t\t\t\t\t<a class=\"elementor-toggle-title\" tabindex=\"0\">Automatika ir elektronika<\/a>\n\t\t\t\t\t<\/div>\n\n\t\t\t\t\t<div id=\"elementor-tab-content-2402\" class=\"elementor-tab-content elementor-clearfix\" data-tab=\"2\" role=\"region\" aria-labelledby=\"elementor-tab-title-2402\"><p>Remontuojame vis\u0105 su elektronika ir automatika susijusi\u0105 \u012frang\u0105. Svarstykl\u0117s, pra\u0117jimo kontrol\u0117s, generatoriai, pinig\u0173 skaitytuvai ir kt.<\/p><\/div>\n\t\t\t\t<\/div>\n\t\t\t\t\t\t\t<div class=\"elementor-toggle-item\">\n\t\t\t\t\t<div id=\"elementor-tab-title-2403\" class=\"elementor-tab-title\" data-tab=\"3\" role=\"button\" aria-controls=\"elementor-tab-content-2403\" aria-expanded=\"false\">\n\t\t\t\t\t\t\t\t\t\t\t\t<span class=\"elementor-toggle-icon elementor-toggle-icon-left\" aria-hidden=\"true\">\n\t\t\t\t\t\t\t\t\t\t\t\t\t\t\t<span class=\"elementor-toggle-icon-closed\"><i class=\"fas fa-caret-right\"><\/i><\/span>\n\t\t\t\t\t\t\t\t<span class=\"elementor-toggle-icon-opened\"><i class=\"elementor-toggle-icon-opened fas fa-caret-up\"><\/i><\/span>\n\t\t\t\t\t\t\t\t\t\t\t\t\t<\/span>\n\t\t\t\t\t\t\t\t\t\t\t\t<a class=\"elementor-toggle-title\" tabindex=\"0\">\u0160aldymo ir kondicionavim\u0173 sistemos<\/a>\n\t\t\t\t\t<\/div>\n\n\t\t\t\t\t<div id=\"elementor-tab-content-2403\" class=\"elementor-tab-content elementor-clearfix\" data-tab=\"3\" role=\"region\" aria-labelledby=\"elementor-tab-title-2403\"><p>\u00a0\u0160aldytuv\u0173, \u0161aldom\u0173 vitrin\u0173, \u0161aldikli\u0173 ir kit\u0173 su \u0161aldym\u0173 susijusi\u0173 \u012frangos remontas.<\/p><p>Kondicionieri\u0173 \u012frengimas, remontas, papildymas.<\/p><\/div>\n\t\t\t\t<\/div>\n\t\t\t\t\t\t\t<div class=\"elementor-toggle-item\">\n\t\t\t\t\t<div id=\"elementor-tab-title-2404\" class=\"elementor-tab-title\" data-tab=\"4\" role=\"button\" aria-controls=\"elementor-tab-content-2404\" aria-expanded=\"false\">\n\t\t\t\t\t\t\t\t\t\t\t\t<span class=\"elementor-toggle-icon elementor-toggle-icon-left\" aria-hidden=\"true\">\n\t\t\t\t\t\t\t\t\t\t\t\t\t\t\t<span class=\"elementor-toggle-icon-closed\"><i class=\"fas fa-caret-right\"><\/i><\/span>\n\t\t\t\t\t\t\t\t<span class=\"elementor-toggle-icon-opened\"><i class=\"elementor-toggle-icon-opened fas fa-caret-up\"><\/i><\/span>\n\t\t\t\t\t\t\t\t\t\t\t\t\t<\/span>\n\t\t\t\t\t\t\t\t\t\t\t\t<a class=\"elementor-toggle-title\" tabindex=\"0\">Automatizuotas transportas<\/a>\n\t\t\t\t\t<\/div>\n\n\t\t\t\t\t<div id=\"elementor-tab-content-2404\" class=\"elementor-tab-content elementor-clearfix\" data-tab=\"4\" role=\"region\" aria-labelledby=\"elementor-tab-title-2404\"><p>Automatikos\u00a0 ir elektoronikos gedim\u0173 \u0161alinimas auto transporte : sniego barstytuvai, \u0161ak\u0173 smulkintuvai ir kt.\u00a0<\/p><\/div>\n\t\t\t\t<\/div>\n\t\t\t\t\t\t\t\t<\/div>\n\t\t\t\t\t\t<\/div>\n\t\t\t\t<\/div>\n\t\t\t\t\t<\/div>\n\t\t<\/div>\n\t\t\t\t\t<\/div>\n\t\t<\/section>\n\t\t\t\t<section class=\"elementor-section elementor-top-section elementor-element elementor-element-59a50f25 elementor-section-boxed elementor-section-height-default elementor-section-height-default\" data-id=\"59a50f25\" data-element_type=\"section\">\n\t\t\t\t\t\t<div class=\"elementor-container elementor-column-gap-default\">\n\t\t\t\t\t<div class=\"elementor-column elementor-col-100 elementor-top-column elementor-element elementor-element-59ada670\" data-id=\"59ada670\" data-element_type=\"column\">\n\t\t\t<div class=\"elementor-widget-wrap elementor-element-populated\">\n\t\t\t\t\t\t<div class=\"elementor-element elementor-element-3e513b45 elementor-drop-cap-yes elementor-drop-cap-view-default elementor-widget elementor-widget-text-editor\" data-id=\"3e513b45\" data-element_type=\"widget\" data-settings=\"{&quot;drop_cap&quot;:&quot;yes&quot;}\" data-widget_type=\"text-editor.default\">\n\t\t\t\t<div class=\"elementor-widget-container\">\n\t\t\t\t\t\t\t\t\t<p><script data-ad-client=\"ca-pub-4664506135190021\" async=\"\" src=\"https:\/\/pagead2.googlesyndication.com\/pagead\/js\/adsbygoogle.js\"><\/script><\/p><div id=\"overlappable-4\" class=\"overlappable-4 content-section content-section-spacing\" style=\"background-color: #ffffff; background-image: none;\" data-label=\"Overlappable\" data-id=\"overlappable-4\" data-export-id=\"overlappable-4\" data-category=\"overlappable\" data-overlap=\"true\"><div class=\"gridContainer\"><div class=\"row spaced-cols text-center\" data-type=\"row\"><div class=\"col-xs-12 col-sm-4 col-padding\"><div class=\"\" data-type=\"column\"><p><strong>Kavin\u0117ms<\/strong><\/p><p class=\"\">Kavos aparatai, leduk\u0173 generatoriai, mikseriai, kokteilin\u0117s, sumu\u0161tini\u0173 griliai, mikrobang\u0173 krosnel\u0117s, gastronomin\u0117s pjaustykl\u0117s, padin\u0117s krosnys, te\u0161los ko\u010diokl\u0117s.<\/p><p class=\"\">\u00a0<\/p><\/div><\/div><div class=\"col-xs-12 col-sm-4 col-padding\"><div class=\"\" data-type=\"column\"><p><strong>Cechams<\/strong><\/p><p class=\"\">M\u0117sos kapokl\u0117s, kaul\u0173 pj\u016bklai, \u0161aldymo kameros, smulkintuvai, m\u0117smal\u0117s, sterelizatoriai, indaplov\u0117s, taraplov\u0117s, konvejerin\u0117s sistemos.<\/p><p class=\"\">\u00a0<\/p><\/div><\/div><div class=\"col-xs-12 col-sm-4 col-padding\"><div class=\"\" data-type=\"column\"><p><strong>Parduotuv\u0117ms<\/strong><\/p><p class=\"\">\u0160aldomos vitrinos, konvekcin\u0117s krosnys, kar\u0161tos vitrinos, pra\u0117jimo kontrol\u0117s, kondicionieriai.<\/p><p class=\"\">\u00a0<\/p><\/div><\/div><\/div><\/div><\/div><div id=\"features-7\" class=\"features-13 content-section content-section-spacing\" style=\"background-color: #f5fafd;\" data-label=\"Features\" data-id=\"features-13-card-bordered\" data-export-id=\"features-13-card-bordered\" data-category=\"features\"><div class=\"gridContainer\"><div class=\"row text-center\"><div class=\"section-title-col\" data-type=\"column\"><h2 class=\"\">Dirbame tam, kad j\u016bs\u0173 darbas vykt\u0173 skland\u017eiai<\/h2><p class=\"lead\">Esame nauja besikurianti kompanija dirbanti visoje Lietuvoje, bei turinti atstov\u0173 Londone. M\u016bs\u0173 profesional\u016bs ir draugi\u0161ki meistrai puikiai i\u0161mano savo darb\u0105, kainos prieinamos ir ma\u017eam ir dideliam vartotojui.\u00a0<\/p><p class=\"\">\u00a0<\/p><\/div><\/div><div class=\"row spaced-cols content-center-sm\" data-type=\"row\"><div class=\"col-sm-4\"><div class=\"card bordered y-move\" data-type=\"column\"><h4 class=\"\">REMONTAS<\/h4><p class=\"\"><a class=\"link\" href=\"https:\/\/gmasters.lt\/remontas\" target=\"_self\" rel=\"noopener noreferrer\" data-cp-link=\"1\">Remontas<\/a><\/p><p class=\"\">N\u0117ra nieko ko ne\u012fmanoma sutaisyti, tod\u0117l m\u016bs\u0173 meistrai pasir\u016bpins j\u016bs\u0173 \u012frangos gedimais.<\/p><p class=\"\"><a class=\"link\" href=\"https:\/\/gmasters.lt\/gedimu-registras\" target=\"_blank\" rel=\"noopener noreferrer\" data-cp-link=\"1\">Gedim\u0173 registras<\/a><\/p><\/div><\/div><div class=\"col-sm-4\"><div class=\"card bordered y-move\" data-type=\"column\"><h4 class=\"\">\u00a0\u012eRANGOS DIEGIMAS<\/h4><p class=\"\">Kuriate nauj\u0105 kavin\u0119, bar\u0105 ar kit\u0105 \u012fstaig\u0105, norite atnaujinti jau pasenusi\u0105 \u012frang\u0105? Mielai jums pad\u0117sime \u012fsirengti.<\/p><p class=\"\">\u00a0<\/p><\/div><\/div><div class=\"col-sm-4\"><div class=\"card bordered y-move\" data-type=\"column\"><h4 class=\"\">Prekyba<\/h4><p class=\"\">Patarsime ir pad\u0117sime \u012fsigyti jus dominan\u010di\u0105 \u012frang\u0105.<\/p><p class=\"\">\u00a0<\/p><\/div><\/div><\/div><\/div><\/div><div id=\"clients-1\" class=\"clients-4 content-section content-section-spacing-small\" style=\"background-color: #f5fafd;\" data-label=\"Clients\" data-id=\"clients--1\" data-export-id=\"clients-4\" data-category=\"clients\"><div class=\"gridContainer\"><div class=\"row\"><div class=\"section-title-col\" data-type=\"column\">\u00a0<\/div><\/div><div class=\"row spaced-cols middle-xs center-xs space-bottom padding-lr\" data-type=\"row\"><div class=\"col-xs-6 col-sm-2\">\u00a0<\/div><div class=\"col-xs-6 col-sm-2\">\u00a0<\/div><div class=\"col-xs-6 col-sm-2\">\u00a0<\/div><\/div><\/div><\/div><div id=\"contact-1\" class=\"contact-1 content-section content-section-spacing white-text\" style=\"background-color: #ffffff; background-image: url('https:\/\/gmasters.lt\/wp-content\/uploads\/2018\/02\/contact-bg.jpg'); background-size: cover; background-position: center top;\" data-label=\"Contact\" data-id=\"contact-1\" data-export-id=\"contact-1\" data-category=\"contact\" data-parallax-depth=\"20\"><div class=\"\"><div class=\"row text-center\"><div class=\"section-title-col\" data-type=\"column\"><h2 class=\"\">Para\u0161ykite mums<\/h2><p class=\"lead\">Norite atsinaujinti ar sugedo sena \u012frang\u0105, domina kiti klausimai? Kartu bandysime i\u0161spr\u0119sti klausimus.<\/p><p class=\"\">\u00a0<\/p><\/div><\/div><div class=\"row text-center\"><div class=\"col-xs-12 col-sm-8 col-sm-offset-2 contact-form-wrapper inline-info\"><div class=\"card large-padding\"><div class=\"\" data-content-shortcode=\"mesmerize_contact_form shortcode=&quot;contact-form-7 id=&amp;amp;quot;34&amp;amp;quot; title=&amp;amp;quot;Contact form 1&amp;amp;quot;&quot;\" data-editable=\"true\">\n<div class=\"wpcf7 no-js\" id=\"wpcf7-f34-o1\" lang=\"en-GB\" dir=\"ltr\" data-wpcf7-id=\"34\">\n<div class=\"screen-reader-response\"><p role=\"status\" aria-live=\"polite\" aria-atomic=\"true\"><\/p> <ul><\/ul><\/div>\n<form action=\"\/lt\/wp-json\/wp\/v2\/pages\/215#wpcf7-f34-o1\" method=\"post\" class=\"wpcf7-form init\" aria-label=\"Contact form\" novalidate=\"novalidate\" data-status=\"init\">\n<div style=\"display: none;\">\n<input type=\"hidden\" name=\"_wpcf7\" value=\"34\" \/>\n<input type=\"hidden\" name=\"_wpcf7_version\" value=\"6.0.2\" \/>\n<input type=\"hidden\" name=\"_wpcf7_locale\" value=\"en_GB\" \/>\n<input type=\"hidden\" name=\"_wpcf7_unit_tag\" value=\"wpcf7-f34-o1\" \/>\n<input type=\"hidden\" name=\"_wpcf7_container_post\" value=\"0\" \/>\n<input type=\"hidden\" name=\"_wpcf7_posted_data_hash\" value=\"\" \/>\n<\/div>\n<p><label> Vardas (privaloma)<br \/>\n<span class=\"wpcf7-form-control-wrap\" data-name=\"your-name\"><input size=\"40\" maxlength=\"400\" class=\"wpcf7-form-control wpcf7-text wpcf7-validates-as-required\" aria-required=\"true\" aria-invalid=\"false\" value=\"\" type=\"text\" name=\"your-name\" \/><\/span> <\/label>\n<\/p>\n<p><label> Email (privaloma)<br \/>\n<span class=\"wpcf7-form-control-wrap\" data-name=\"your-email\"><input size=\"40\" maxlength=\"400\" class=\"wpcf7-form-control wpcf7-email wpcf7-validates-as-required wpcf7-text wpcf7-validates-as-email\" aria-required=\"true\" aria-invalid=\"false\" value=\"\" type=\"email\" name=\"your-email\" \/><\/span> <\/label>\n<\/p>\n<p><label> Tema<br \/>\n<span class=\"wpcf7-form-control-wrap\" data-name=\"your-subject\"><input size=\"40\" maxlength=\"400\" class=\"wpcf7-form-control wpcf7-text\" aria-invalid=\"false\" value=\"\" type=\"text\" name=\"your-subject\" \/><\/span> <\/label>\n<\/p>\n<p><label> Tavo \u017einut\u0117<br \/>\n<span class=\"wpcf7-form-control-wrap\" data-name=\"your-message\"><textarea cols=\"40\" rows=\"10\" maxlength=\"2000\" class=\"wpcf7-form-control wpcf7-textarea\" aria-invalid=\"false\" name=\"your-message\"><\/textarea><\/span> <\/label>\n<\/p>\n<p><input class=\"wpcf7-form-control wpcf7-submit has-spinner\" type=\"submit\" value=\"Si\u0173sti\" \/>\n<\/p><div class=\"wpcf7-response-output\" aria-hidden=\"true\"><\/div>\n<\/form>\n<\/div>\n<\/div><\/div><\/div><\/div><\/div><\/div>\t\t\t\t\t\t\t\t<\/div>\n\t\t\t\t<\/div>\n\t\t\t\t\t<\/div>\n\t\t<\/div>\n\t\t\t\t\t<\/div>\n\t\t<\/section>\n\t\t\t\t<section class=\"elementor-section elementor-top-section elementor-element elementor-element-8e43d57 elementor-section-boxed elementor-section-height-default elementor-section-height-default\" data-id=\"8e43d57\" data-element_type=\"section\">\n\t\t\t\t\t\t<div class=\"elementor-container elementor-column-gap-default\">\n\t\t\t\t\t<div class=\"elementor-column elementor-col-100 elementor-top-column elementor-element elementor-element-9b1df46\" data-id=\"9b1df46\" data-element_type=\"column\">\n\t\t\t<div class=\"elementor-widget-wrap elementor-element-populated\">\n\t\t\t\t\t\t<div class=\"elementor-element elementor-element-60997a5 elementor-widget elementor-widget-heading\" data-id=\"60997a5\" data-element_type=\"widget\" data-widget_type=\"heading.default\">\n\t\t\t\t<div class=\"elementor-widget-container\">\n\t\t\t\t\t<h1 class=\"elementor-heading-title elementor-size-default\"><h1 style=\"line-height: 30px;margin-bottom: 0.5rem !important\"><span style=\"font-weight: var( --e-global-typography-primary-font-weight );font-size: 30px\"><font color=\"#000a66\" face=\"Avenir Next LT Pro\">M\u016aS\u0172 LAIMINGI KLIENTAI<\/font><\/span><\/h1>Juo gali b\u016bti ir tu<br><h1 style=\"line-height: 30px;margin-bottom: 0.5rem !important\"><span style=\"color: var( --e-global-color-primary );font-family: var( --e-global-typography-primary-font-family ), Sans-serif;font-size: 2.5rem;font-weight: var( --e-global-typography-primary-font-weight )\"><\/span><font color=\"#000a66\" face=\"Avenir Next LT Pro\"><span style=\"font-size: 30px\"><br><\/span><\/font><\/h1><\/h1>\t\t\t\t<\/div>\n\t\t\t\t<\/div>\n\t\t\t\t\t<\/div>\n\t\t<\/div>\n\t\t\t\t\t<\/div>\n\t\t<\/section>\n\t\t\t\t<section class=\"elementor-section elementor-top-section elementor-element elementor-element-4450aea elementor-section-boxed elementor-section-height-default elementor-section-height-default\" data-id=\"4450aea\" data-element_type=\"section\">\n\t\t\t\t\t\t<div class=\"elementor-container elementor-column-gap-default\">\n\t\t\t\t\t<div class=\"elementor-column elementor-col-100 elementor-top-column elementor-element elementor-element-28b1186\" data-id=\"28b1186\" data-element_type=\"column\">\n\t\t\t<div class=\"elementor-widget-wrap elementor-element-populated\">\n\t\t\t\t\t\t<div class=\"elementor-element elementor-element-13020a5 elementor-arrows-position-inside elementor-pagination-position-outside elementor-widget elementor-widget-image-carousel\" data-id=\"13020a5\" data-element_type=\"widget\" data-settings=\"{&quot;slides_to_show&quot;:&quot;5&quot;,&quot;navigation&quot;:&quot;both&quot;,&quot;autoplay&quot;:&quot;yes&quot;,&quot;pause_on_hover&quot;:&quot;yes&quot;,&quot;pause_on_interaction&quot;:&quot;yes&quot;,&quot;autoplay_speed&quot;:5000,&quot;infinite&quot;:&quot;yes&quot;,&quot;speed&quot;:500}\" data-widget_type=\"image-carousel.default\">\n\t\t\t\t<div class=\"elementor-widget-container\">\n\t\t\t\t\t\t\t<div class=\"elementor-image-carousel-wrapper swiper\" role=\"region\" aria-roledescription=\"carousel\" aria-label=\"Image Carousel\" dir=\"ltr\">\n\t\t\t<div class=\"elementor-image-carousel swiper-wrapper\" aria-live=\"off\">\n\t\t\t\t\t\t\t\t<div class=\"swiper-slide\" role=\"group\" aria-roledescription=\"slide\" aria-label=\"1 of 9\"><figure class=\"swiper-slide-inner\"><img decoding=\"async\" class=\"swiper-slide-image\" src=\"https:\/\/gmasters.lt\/wp-content\/uploads\/2019\/07\/cropped-piano_piano-logo-1-150x150.jpg\" alt=\"cropped-piano_piano-logo-1.jpg\" \/><\/figure><\/div><div class=\"swiper-slide\" role=\"group\" aria-roledescription=\"slide\" aria-label=\"2 of 9\"><figure class=\"swiper-slide-inner\"><img decoding=\"async\" class=\"swiper-slide-image\" src=\"https:\/\/gmasters.lt\/wp-content\/uploads\/2019\/07\/carre-logo-150x150.jpg\" alt=\"Carre\" \/><\/figure><\/div><div class=\"swiper-slide\" role=\"group\" aria-roledescription=\"slide\" aria-label=\"3 of 9\"><figure class=\"swiper-slide-inner\"><img decoding=\"async\" class=\"swiper-slide-image\" src=\"https:\/\/gmasters.lt\/wp-content\/uploads\/2019\/07\/senasis-lokys-logo-150x77.gif\" alt=\"Senasis lokys\" \/><\/figure><\/div><div class=\"swiper-slide\" role=\"group\" aria-roledescription=\"slide\" aria-label=\"4 of 9\"><figure class=\"swiper-slide-inner\"><img decoding=\"async\" class=\"swiper-slide-image\" src=\"https:\/\/gmasters.lt\/wp-content\/uploads\/2023\/04\/sveikos-mitybos-partneris-150x150.jpg\" alt=\"sveikos-mitybos-partneris\" \/><\/figure><\/div><div class=\"swiper-slide\" role=\"group\" aria-roledescription=\"slide\" aria-label=\"5 of 9\"><figure class=\"swiper-slide-inner\"><img decoding=\"async\" class=\"swiper-slide-image\" src=\"https:\/\/gmasters.lt\/wp-content\/uploads\/2023\/04\/anupriskiu-parkas-150x150.jpg\" alt=\"Anupri\u0161ki\u0173 parkas\" \/><\/figure><\/div><div class=\"swiper-slide\" role=\"group\" aria-roledescription=\"slide\" aria-label=\"6 of 9\"><figure class=\"swiper-slide-inner\"><img decoding=\"async\" class=\"swiper-slide-image\" src=\"https:\/\/gmasters.lt\/wp-content\/uploads\/2023\/04\/sky-parkas-150x150.png\" alt=\"sky parkas\" \/><\/figure><\/div><div class=\"swiper-slide\" role=\"group\" aria-roledescription=\"slide\" aria-label=\"7 of 9\"><figure class=\"swiper-slide-inner\"><img decoding=\"async\" class=\"swiper-slide-image\" src=\"https:\/\/gmasters.lt\/wp-content\/uploads\/2023\/04\/meating-room-150x150.png\" alt=\"meating room\" \/><\/figure><\/div><div class=\"swiper-slide\" role=\"group\" aria-roledescription=\"slide\" aria-label=\"8 of 9\"><figure class=\"swiper-slide-inner\"><img decoding=\"async\" class=\"swiper-slide-image\" src=\"https:\/\/gmasters.lt\/wp-content\/uploads\/2023\/04\/vero-cafe-150x150.png\" alt=\"vero cafe\" \/><\/figure><\/div><div class=\"swiper-slide\" role=\"group\" aria-roledescription=\"slide\" aria-label=\"9 of 9\"><figure class=\"swiper-slide-inner\"><img decoding=\"async\" class=\"swiper-slide-image\" src=\"https:\/\/gmasters.lt\/wp-content\/uploads\/2023\/04\/goodshop.lt-logo-mazas-150x131.png\" alt=\"Goodshop.lt\" \/><\/figure><\/div>\t\t\t<\/div>\n\t\t\t\t\t\t\t\t\t\t\t\t<div class=\"elementor-swiper-button elementor-swiper-button-prev\" role=\"button\" tabindex=\"0\">\n\t\t\t\t\t\t<i aria-hidden=\"true\" class=\"eicon-chevron-left\"><\/i>\t\t\t\t\t<\/div>\n\t\t\t\t\t<div class=\"elementor-swiper-button elementor-swiper-button-next\" role=\"button\" tabindex=\"0\">\n\t\t\t\t\t\t<i aria-hidden=\"true\" class=\"eicon-chevron-right\"><\/i>\t\t\t\t\t<\/div>\n\t\t\t\t\n\t\t\t\t\t\t\t\t\t<div class=\"swiper-pagination\"><\/div>\n\t\t\t\t\t\t\t\t\t<\/div>\n\t\t\t\t\t\t<\/div>\n\t\t\t\t<\/div>\n\t\t\t\t\t<\/div>\n\t\t<\/div>\n\t\t\t\t\t<\/div>\n\t\t<\/section>\n\t\t\t\t<section class=\"elementor-section elementor-top-section elementor-element elementor-element-53c6bae elementor-section-boxed elementor-section-height-default elementor-section-height-default\" data-id=\"53c6bae\" data-element_type=\"section\">\n\t\t\t\t\t\t<div class=\"elementor-container elementor-column-gap-default\">\n\t\t\t\t\t<div class=\"elementor-column elementor-col-100 elementor-top-column elementor-element elementor-element-af7d61f\" data-id=\"af7d61f\" data-element_type=\"column\">\n\t\t\t<div class=\"elementor-widget-wrap elementor-element-populated\">\n\t\t\t\t\t\t<div class=\"elementor-element elementor-element-9caf30c elementor-widget elementor-widget-image\" data-id=\"9caf30c\" data-element_type=\"widget\" data-widget_type=\"image.default\">\n\t\t\t\t<div class=\"elementor-widget-container\">\n\t\t\t\t\t\t\t\t\t\t\t\t<figure class=\"wp-caption\">\n\t\t\t\t\t\t\t\t\t\t<img fetchpriority=\"high\" decoding=\"async\" width=\"300\" height=\"300\" src=\"https:\/\/gmasters.lt\/wp-content\/uploads\/2022\/03\/ukraina-300x300.png\" class=\"attachment-medium size-medium wp-image-526\" alt=\"\" srcset=\"https:\/\/gmasters.lt\/wp-content\/uploads\/2022\/03\/ukraina-300x300.png 300w, https:\/\/gmasters.lt\/wp-content\/uploads\/2022\/03\/ukraina-1024x1024.png 1024w, https:\/\/gmasters.lt\/wp-content\/uploads\/2022\/03\/ukraina-150x150.png 150w, https:\/\/gmasters.lt\/wp-content\/uploads\/2022\/03\/ukraina-768x768.png 768w, https:\/\/gmasters.lt\/wp-content\/uploads\/2022\/03\/ukraina-12x12.png 12w, https:\/\/gmasters.lt\/wp-content\/uploads\/2022\/03\/ukraina-600x600.png 600w, https:\/\/gmasters.lt\/wp-content\/uploads\/2022\/03\/ukraina-100x100.png 100w, https:\/\/gmasters.lt\/wp-content\/uploads\/2022\/03\/ukraina.png 1080w\" sizes=\"(max-width: 300px) 100vw, 300px\" \/>\t\t\t\t\t\t\t\t\t\t\t<figcaption class=\"widget-image-caption wp-caption-text\"><\/figcaption>\n\t\t\t\t\t\t\t\t\t\t<\/figure>\n\t\t\t\t\t\t\t\t\t<\/div>\n\t\t\t\t<\/div>\n\t\t\t\t\t<\/div>\n\t\t<\/div>\n\t\t\t\t\t<\/div>\n\t\t<\/section>\n\t\t\t\t<section class=\"elementor-section elementor-top-section elementor-element elementor-element-3a81bcf elementor-section-boxed elementor-section-height-default elementor-section-height-default\" data-id=\"3a81bcf\" data-element_type=\"section\">\n\t\t\t\t\t\t<div class=\"elementor-container elementor-column-gap-default\">\n\t\t\t\t\t<div class=\"elementor-column elementor-col-100 elementor-top-column elementor-element elementor-element-d2b9e77\" data-id=\"d2b9e77\" data-element_type=\"column\">\n\t\t\t<div class=\"elementor-widget-wrap\">\n\t\t\t\t\t\t\t<\/div>\n\t\t<\/div>\n\t\t\t\t\t<\/div>\n\t\t<\/section>\n\t\t\t\t<\/div>\n\t\t","protected":false},"excerpt":{"rendered":"<p>Mes dirbame, kad j\u016bs\u0173 darbas vykt\u0173 skland\u017eiai Restoran\u0173 \u012franga Maisto ruo\u0161imo, laikymo, apdorojimo \u012frangos \u012frengimas.Taip pat\u00a0 profilaktika, bei remontas. Automatika ir elektronika Remontuojame vis\u0105 su elektronika ir automatika susijusi\u0105 \u012frang\u0105. Svarstykl\u0117s, pra\u0117jimo kontrol\u0117s, generatoriai, pinig\u0173 skaitytuvai ir kt. \u0160aldymo ir kondicionavim\u0173 sistemos \u00a0\u0160aldytuv\u0173, \u0161aldom\u0173 vitrin\u0173, \u0161aldikli\u0173 ir kit\u0173 su \u0161aldym\u0173 susijusi\u0173 \u012frangos remontas.Kondicionieri\u0173 \u012frengimas, remontas,&hellip; <br \/> <a class=\"read-more\" href=\"https:\/\/gmasters.lt\/lt\/\">Read more<\/a><\/p>\n","protected":false},"author":1,"featured_media":0,"parent":0,"menu_order":0,"comment_status":"closed","ping_status":"closed","template":"","meta":{"footnotes":""},"class_list":["post-215","page","type-page","status-publish","hentry"],"_links":{"self":[{"href":"https:\/\/gmasters.lt\/lt\/wp-json\/wp\/v2\/pages\/215","targetHints":{"allow":["GET"]}}],"collection":[{"href":"https:\/\/gmasters.lt\/lt\/wp-json\/wp\/v2\/pages"}],"about":[{"href":"https:\/\/gmasters.lt\/lt\/wp-json\/wp\/v2\/types\/page"}],"author":[{"embeddable":true,"href":"https:\/\/gmasters.lt\/lt\/wp-json\/wp\/v2\/users\/1"}],"replies":[{"embeddable":true,"href":"https:\/\/gmasters.lt\/lt\/wp-json\/wp\/v2\/comments?post=215"}],"version-history":[{"count":50,"href":"https:\/\/gmasters.lt\/lt\/wp-json\/wp\/v2\/pages\/215\/revisions"}],"predecessor-version":[{"id":582,"href":"https:\/\/gmasters.lt\/lt\/wp-json\/wp\/v2\/pages\/215\/revisions\/582"}],"wp:attachment":[{"href":"https:\/\/gmasters.lt\/lt\/wp-json\/wp\/v2\/media?parent=215"}],"curies":[{"name":"wp","href":"https:\/\/api.w.org\/{rel}","templated":true}]}}