{"id":218,"date":"2018-02-26T08:49:23","date_gmt":"2018-02-26T08:49:23","guid":{"rendered":"http:\/\/10.44.205.152\/free-1\/?page_id=2"},"modified":"2023-04-15T06:14:38","modified_gmt":"2023-04-15T05:14:38","slug":"apie","status":"publish","type":"page","link":"https:\/\/gmasters.lt\/lt\/apie\/","title":{"rendered":"Mes :"},"content":{"rendered":"<p><strong>Esame nedidel\u0117 kompanija, tod\u0117l galime Jums pasi\u016blyti geriausia kain\u0105 tarp \u012frangos remono paslaugas teikian\u010di\u0173 dideli\u0173 kompanij\u0173.  Profesional\u016bs meistrai, puikiai i\u0161manantys ir dirbantys savo darb\u0105,  turintys visus reikalingus sertifikatus ir leidimus. Darbus atliekame skland\u017eiai, suteikiame garantijas ir konsultuojame problemas telefonu. <\/strong><\/p><p><strong>Galime pasi\u016blyti ilgalaik\u0119 aptarnavimo sutart\u012f arba vienkartinius i\u0161kvietimus. Parengiame s\u0105matas,i\u0161ra\u0161ome s\u0105skaitas ,atliekame profilaktines patikras.<\/strong><\/p><p><strong>Turite b\u0117d\u0173 su j\u016bs\u0173 \u012franga ? Ka\u017ekas netinkamai veikia? O gal visai nebeveikia? Kreipkit\u0117s \u012f mus ir i\u0161spr\u0119sime J\u016bs\u0173 problemas.<\/strong> <\/p><h2 class=\"wp-block-heading\"><code><strong>\"<em>N\u0117ra nieko, ko negalima pataisyti yra tik klausimas ar verta ?\" <\/em><\/strong><\/code><\/h2>","protected":false},"excerpt":{"rendered":"<p>Esame nedidel\u0117 kompanija, tod\u0117l galime Jums pasi\u016blyti geriausia kain\u0105 tarp \u012frangos remono paslaugas teikian\u010di\u0173 dideli\u0173 kompanij\u0173. Profesional\u016bs meistrai, puikiai i\u0161manantys ir dirbantys savo darb\u0105, turintys visus reikalingus sertifikatus ir leidimus. Darbus atliekame skland\u017eiai, suteikiame garantijas ir konsultuojame problemas telefonu. Galime pasi\u016blyti ilgalaik\u0119 aptarnavimo sutart\u012f arba vienkartinius i\u0161kvietimus. Parengiame s\u0105matas,i\u0161ra\u0161ome s\u0105skaitas ,atliekame profilaktines patikras. Turite b\u0117d\u0173&hellip; <br \/> <a class=\"read-more\" href=\"https:\/\/gmasters.lt\/lt\/apie\/\">Read more<\/a><\/p>\n","protected":false},"author":1,"featured_media":0,"parent":0,"menu_order":0,"comment_status":"closed","ping_status":"closed","template":"","meta":{"footnotes":""},"class_list":["post-218","page","type-page","status-publish","hentry"],"_links":{"self":[{"href":"https:\/\/gmasters.lt\/lt\/wp-json\/wp\/v2\/pages\/218","targetHints":{"allow":["GET"]}}],"collection":[{"href":"https:\/\/gmasters.lt\/lt\/wp-json\/wp\/v2\/pages"}],"about":[{"href":"https:\/\/gmasters.lt\/lt\/wp-json\/wp\/v2\/types\/page"}],"author":[{"embeddable":true,"href":"https:\/\/gmasters.lt\/lt\/wp-json\/wp\/v2\/users\/1"}],"replies":[{"embeddable":true,"href":"https:\/\/gmasters.lt\/lt\/wp-json\/wp\/v2\/comments?post=218"}],"version-history":[{"count":4,"href":"https:\/\/gmasters.lt\/lt\/wp-json\/wp\/v2\/pages\/218\/revisions"}],"predecessor-version":[{"id":552,"href":"https:\/\/gmasters.lt\/lt\/wp-json\/wp\/v2\/pages\/218\/revisions\/552"}],"wp:attachment":[{"href":"https:\/\/gmasters.lt\/lt\/wp-json\/wp\/v2\/media?parent=218"}],"curies":[{"name":"wp","href":"https:\/\/api.w.org\/{rel}","templated":true}]}}