{"id":350,"date":"2019-07-28T22:23:35","date_gmt":"2019-07-28T21:23:35","guid":{"rendered":"https:\/\/gmasters.lt\/?page_id=350"},"modified":"2019-09-22T19:27:43","modified_gmt":"2019-09-22T18:27:43","slug":"saldymo-sistemos","status":"publish","type":"page","link":"https:\/\/gmasters.lt\/lt\/saldymo-sistemos\/","title":{"rendered":"\u0160aldymo sistemos"},"content":{"rendered":"\t\t<div data-elementor-type=\"wp-post\" data-elementor-id=\"350\" class=\"elementor elementor-350\">\n\t\t\t\t<section class=\"elementor-section elementor-top-section elementor-element elementor-element-69b9ddd4 elementor-section-boxed elementor-section-height-default elementor-section-height-default\" data-id=\"69b9ddd4\" data-element_type=\"section\">\n\t\t\t\t\t\t<div class=\"elementor-container elementor-column-gap-default\">\n\t\t\t\t\t<main class=\"elementor-column elementor-col-100 elementor-top-column elementor-element elementor-element-55d1ddf\" data-id=\"55d1ddf\" data-element_type=\"column\">\n\t\t\t<div class=\"elementor-widget-wrap elementor-element-populated\">\n\t\t\t\t\t\t<div class=\"elementor-element elementor-element-78883855 elementor-widget elementor-widget-text-editor\" data-id=\"78883855\" data-element_type=\"widget\" data-widget_type=\"text-editor.default\">\n\t\t\t\t<div class=\"elementor-widget-container\"><ul class=\"wp-block-list\">\n<li>\n<h2><strong>Patariame i\u0161sirenkant \u012frang\u0105.<\/strong><\/h2>\n<\/li>\n<li>\n<h2><strong>Padedame \u012fsigyti.<\/strong><\/h2>\n<\/li>\n<li>\n<h2><strong>\u012erengiame.<\/strong><\/h2>\n<\/li>\n<li>\n<h2><strong>Remontuojame jau \u012frengtas sistemas.<\/strong><\/h2>\n<\/li>\n<\/ul>\n<p>\u00a0<\/p>\n<h2><img fetchpriority=\"high\" decoding=\"async\" class=\"wp-image-385 aligncenter\" style=\"font-size: 16px;\" src=\"https:\/\/gmasters.lt\/wp-content\/uploads\/2019\/09\/powerful-air-conditioner.jpg\" alt=\"M\u016bs\u0173 komanda:\n\n\" width=\"240\" height=\"240\" srcset=\"https:\/\/gmasters.lt\/wp-content\/uploads\/2019\/09\/powerful-air-conditioner.jpg 470w, https:\/\/gmasters.lt\/wp-content\/uploads\/2019\/09\/powerful-air-conditioner-150x150.jpg 150w, https:\/\/gmasters.lt\/wp-content\/uploads\/2019\/09\/powerful-air-conditioner-300x300.jpg 300w, https:\/\/gmasters.lt\/wp-content\/uploads\/2019\/09\/powerful-air-conditioner-100x100.jpg 100w\" sizes=\"(max-width: 240px) 100vw, 240px\" \/><\/h2><h4 class=\"wp-block-image\"><strong>Oro kondicionierius<\/strong>\u00a0 yra prietaisas, v\u0117dinantis patalpas ir palaikantis patalpose nustatyt\u0105 temperat\u016br\u0105.\u0160iuolaikinio oro kondicionieriaus pagrindas yra \u0161ilumos siurblys. \u012eprastame re\u017eime kondicionierius \u0161aldo \u012f kambar\u012f \u012fleid\u017eiam\u0105 or\u0105 jo \u0161ilum\u0105 perduodamas i\u0161leid\u017eiamam \u012f lauk\u0105 orui. Kondicionieriai turi ir \u0161ildymo re\u017eim\u0105 kai \u0161iluma perduodama prie\u0161inga kryptimi.<img decoding=\"async\" class=\"wp-image-386 aligncenter\" src=\"https:\/\/gmasters.lt\/wp-content\/uploads\/2019\/09\/oro-srautai.jpg\" alt=\"\" width=\"311\" height=\"233\" srcset=\"https:\/\/gmasters.lt\/wp-content\/uploads\/2019\/09\/oro-srautai.jpg 600w, https:\/\/gmasters.lt\/wp-content\/uploads\/2019\/09\/oro-srautai-300x225.jpg 300w\" sizes=\"(max-width: 311px) 100vw, 311px\" \/><strong>Rekuperacin\u0117 sistema<\/strong> padeda mums kv\u0117puoti \u0161varesniu \u2013 i\u0161 lauko i\u0161gaunamu, oru, kuris per\u0117j\u0119s per filtrus dar ir yra i\u0161valomas. Priklausomai nuo J\u016bs\u0173 turimo b\u016bsto ploto yra parenkama ir \u012frengiama sistema,kuri u\u017etikrins ,kad kv\u0117puojate tyru oru, nes vien tik paprasto v\u0117dinimo pradarius langus, gali nepakakti.<\/h4>\n<div>\u00a0<\/div><\/div>\n\t\t\t\t<\/div>\n\t\t\t\t\t<\/div>\n\t\t<\/main>\n\t\t\t\t\t<\/div>\n\t\t<\/section>\t\t<\/div>\n\t\t","protected":false},"excerpt":{"rendered":"<p>Patariame i\u0161sirenkant \u012frang\u0105. Padedame \u012fsigyti. \u012erengiame. Remontuojame jau \u012frengtas sistemas. \u00a0<\/p>\n","protected":false},"author":1,"featured_media":0,"parent":0,"menu_order":0,"comment_status":"closed","ping_status":"closed","template":"","meta":{"footnotes":""},"class_list":["post-350","page","type-page","status-publish","hentry"],"_links":{"self":[{"href":"https:\/\/gmasters.lt\/lt\/wp-json\/wp\/v2\/pages\/350","targetHints":{"allow":["GET"]}}],"collection":[{"href":"https:\/\/gmasters.lt\/lt\/wp-json\/wp\/v2\/pages"}],"about":[{"href":"https:\/\/gmasters.lt\/lt\/wp-json\/wp\/v2\/types\/page"}],"author":[{"embeddable":true,"href":"https:\/\/gmasters.lt\/lt\/wp-json\/wp\/v2\/users\/1"}],"replies":[{"embeddable":true,"href":"https:\/\/gmasters.lt\/lt\/wp-json\/wp\/v2\/comments?post=350"}],"version-history":[{"count":6,"href":"https:\/\/gmasters.lt\/lt\/wp-json\/wp\/v2\/pages\/350\/revisions"}],"predecessor-version":[{"id":401,"href":"https:\/\/gmasters.lt\/lt\/wp-json\/wp\/v2\/pages\/350\/revisions\/401"}],"wp:attachment":[{"href":"https:\/\/gmasters.lt\/lt\/wp-json\/wp\/v2\/media?parent=350"}],"curies":[{"name":"wp","href":"https:\/\/api.w.org\/{rel}","templated":true}]}}